{"id":2591,"date":"2021-07-01T15:06:03","date_gmt":"2021-07-01T13:06:03","guid":{"rendered":"https:\/\/abci.de\/?page_id=2591"},"modified":"2021-07-01T15:07:34","modified_gmt":"2021-07-01T13:07:34","slug":"mail-doi","status":"publish","type":"page","link":"https:\/\/abci.de\/de\/mail-doi\/","title":{"rendered":"Bitte Anmeldung best\u00e4tigen"},"content":{"rendered":"\t\t<div data-elementor-type=\"wp-page\" data-elementor-id=\"2591\" class=\"elementor elementor-2591\" data-elementor-post-type=\"page\">\n\t\t\t\t\t\t<section class=\"elementor-section elementor-top-section elementor-element elementor-element-431ae8a elementor-section-boxed elementor-section-height-default elementor-section-height-default\" data-id=\"431ae8a\" data-element_type=\"section\" data-e-type=\"section\">\n\t\t\t\t\t\t<div class=\"elementor-container elementor-column-gap-default\">\n\t\t\t\t\t<div class=\"elementor-column elementor-col-100 elementor-top-column elementor-element elementor-element-853d205\" data-id=\"853d205\" data-element_type=\"column\" data-e-type=\"column\">\n\t\t\t<div class=\"elementor-widget-wrap elementor-element-populated\">\n\t\t\t\t\t\t<div class=\"elementor-element elementor-element-6f07b55 elementor-widget elementor-widget-heading\" data-id=\"6f07b55\" data-element_type=\"widget\" data-e-type=\"widget\" data-widget_type=\"heading.default\">\n\t\t\t\t<div class=\"elementor-widget-container\">\n\t\t\t\t\t<h2 class=\"elementor-heading-title elementor-size-default\">Bitte Anmeldung best\u00e4tigen<\/h2>\t\t\t\t<\/div>\n\t\t\t\t<\/div>\n\t\t\t\t<div class=\"elementor-element elementor-element-97a246f elementor-widget elementor-widget-text-editor\" data-id=\"97a246f\" data-element_type=\"widget\" data-e-type=\"widget\" data-widget_type=\"text-editor.default\">\n\t\t\t\t<div class=\"elementor-widget-container\">\n\t\t\t\t\t\t\t\t\t<p><strong>Sie haben gerade eine Best\u00e4tigungs E-Mail zugeschickt bekommen.<br \/>Bitte best\u00e4tigen Sie Ihre Anmeldung per Klick auf den Link in dieser E-Mail.<br \/><\/strong>Bitte pr\u00fcfen Sie ggf. auch Ihr Spam-Postfach.<\/p><p>Danach erhalten k\u00fcnftig interessanteste Themen aus dem Markt, aktuelle Trends oder praxisrelevante Forschungsergebnisse von uns zusammengefasst.<\/p><p>Circa alle sechs Wochen bekommen Sie dazu eine Mail von uns unkompliziert in Ihre Inbox.<br \/>Wenn Sie kein Interesse mehr haben, k\u00f6nnen Sie sich am Ende jeder E-Mail mit nur einem Klick abmelden.<\/p>\t\t\t\t\t\t\t\t<\/div>\n\t\t\t\t<\/div>\n\t\t\t\t\t<\/div>\n\t\t<\/div>\n\t\t\t\t\t<\/div>\n\t\t<\/section>\n\t\t\t\t<\/div>\n\t\t","protected":false},"excerpt":{"rendered":"<p>Bitte Anmeldung best\u00e4tigen Sie haben gerade eine Best\u00e4tigungs E-Mail zugeschickt bekommen.Bitte best\u00e4tigen Sie Ihre Anmeldung per Klick auf den Link in dieser E-Mail.Bitte pr\u00fcfen Sie ggf. auch Ihr Spam-Postfach. Danach erhalten k\u00fcnftig interessanteste Themen aus dem Markt, aktuelle Trends oder praxisrelevante Forschungsergebnisse von uns zusammengefasst. Circa alle sechs Wochen bekommen Sie dazu eine Mail von [&hellip;]<\/p>\n","protected":false},"author":1,"featured_media":0,"parent":0,"menu_order":0,"comment_status":"closed","ping_status":"closed","template":"","meta":{"footnotes":""},"class_list":["post-2591","page","type-page","status-publish","hentry"],"_links":{"self":[{"href":"https:\/\/abci.de\/de\/wp-json\/wp\/v2\/pages\/2591","targetHints":{"allow":["GET"]}}],"collection":[{"href":"https:\/\/abci.de\/de\/wp-json\/wp\/v2\/pages"}],"about":[{"href":"https:\/\/abci.de\/de\/wp-json\/wp\/v2\/types\/page"}],"author":[{"embeddable":true,"href":"https:\/\/abci.de\/de\/wp-json\/wp\/v2\/users\/1"}],"replies":[{"embeddable":true,"href":"https:\/\/abci.de\/de\/wp-json\/wp\/v2\/comments?post=2591"}],"version-history":[{"count":7,"href":"https:\/\/abci.de\/de\/wp-json\/wp\/v2\/pages\/2591\/revisions"}],"predecessor-version":[{"id":2598,"href":"https:\/\/abci.de\/de\/wp-json\/wp\/v2\/pages\/2591\/revisions\/2598"}],"wp:attachment":[{"href":"https:\/\/abci.de\/de\/wp-json\/wp\/v2\/media?parent=2591"}],"curies":[{"name":"wp","href":"https:\/\/api.w.org\/{rel}","templated":true}]}}