{"id":131,"date":"2020-12-03T16:46:11","date_gmt":"2020-12-03T15:46:11","guid":{"rendered":"http:\/\/websplash.abci.de\/?page_id=131"},"modified":"2023-05-04T10:21:22","modified_gmt":"2023-05-04T08:21:22","slug":"datenschutz","status":"publish","type":"page","link":"https:\/\/abci.de\/de\/datenschutz\/","title":{"rendered":"Datenschutz"},"content":{"rendered":"\t\t<div data-elementor-type=\"wp-page\" data-elementor-id=\"131\" class=\"elementor elementor-131\" data-elementor-post-type=\"page\">\n\t\t\t\t\t\t<section class=\"elementor-section elementor-top-section elementor-element elementor-element-4b38f0e sliderfield elementor-section-height-min-height elementor-section-boxed elementor-section-height-default elementor-section-items-middle\" data-id=\"4b38f0e\" data-element_type=\"section\" data-e-type=\"section\" data-settings=\"{&quot;background_background&quot;:&quot;classic&quot;,&quot;shape_divider_bottom&quot;:&quot;opacity-tilt&quot;}\">\n\t\t\t\t\t<div class=\"elementor-shape elementor-shape-bottom\" aria-hidden=\"true\" data-negative=\"false\">\n\t\t\t<svg xmlns=\"http:\/\/www.w3.org\/2000\/svg\" viewBox=\"0 0 2600 131.1\" preserveAspectRatio=\"none\">\n\t<path class=\"elementor-shape-fill\" d=\"M0 0L2600 0 2600 69.1 0 0z\"\/>\n\t<path class=\"elementor-shape-fill\" style=\"opacity:0.5\" d=\"M0 0L2600 0 2600 69.1 0 69.1z\"\/>\n\t<path class=\"elementor-shape-fill\" style=\"opacity:0.25\" d=\"M2600 0L0 0 0 130.1 2600 69.1z\"\/>\n<\/svg>\t\t<\/div>\n\t\t\t\t\t<div class=\"elementor-container elementor-column-gap-no\">\n\t\t\t\t\t<div class=\"elementor-column elementor-col-100 elementor-top-column elementor-element elementor-element-300b4ce\" data-id=\"300b4ce\" data-element_type=\"column\" data-e-type=\"column\">\n\t\t\t<div class=\"elementor-widget-wrap elementor-element-populated\">\n\t\t\t\t\t\t\t<\/div>\n\t\t<\/div>\n\t\t\t\t\t<\/div>\n\t\t<\/section>\n\t\t\t\t<section class=\"elementor-section elementor-top-section elementor-element elementor-element-67f4d42 elementor-section-boxed elementor-section-height-default elementor-section-height-default\" data-id=\"67f4d42\" data-element_type=\"section\" data-e-type=\"section\">\n\t\t\t\t\t\t<div class=\"elementor-container elementor-column-gap-default\">\n\t\t\t\t\t<div class=\"elementor-column elementor-col-100 elementor-top-column elementor-element elementor-element-de08a61\" data-id=\"de08a61\" data-element_type=\"column\" data-e-type=\"column\">\n\t\t\t<div class=\"elementor-widget-wrap elementor-element-populated\">\n\t\t\t\t\t\t<div class=\"elementor-element elementor-element-406d53f elementor-widget elementor-widget-text-editor\" data-id=\"406d53f\" data-element_type=\"widget\" data-e-type=\"widget\" data-widget_type=\"text-editor.default\">\n\t\t\t\t<div class=\"elementor-widget-container\">\n\t\t\t\t\t\t\t\t\t<p>Die Nutzung unserer Seite ist ohne eine Angabe von personenbezogenen Daten m\u00f6glich. F\u00fcr die Nutzung einzelner Services unserer Seite k\u00f6nnen sich hierf\u00fcr abweichende Regelungen ergeben, die in diesem Falle nachstehend gesondert erl\u00e4utert werden. Ihre personenbezogenen Daten (z.B. Name, Anschrift, E-Mail, Telefonnummer, u. \u00e4.) werden von uns nur gem\u00e4\u00df den Bestimmungen des deutschen Datenschutzrechts verarbeitet. Daten sind dann personenbezogen, wenn sie eindeutig einer bestimmten nat\u00fcrlichen Person zugeordnet werden k\u00f6nnen. Die rechtlichen Grundlagen des Datenschutzes finden Sie im Bundesdatenschutzgesetz (BDSG) und dem Telemediengesetz (TMG). Nachstehende Regelungen informieren Sie insoweit \u00fcber die Art, den Umfang und Zweck der Erhebung, die Nutzung und die Verarbeitung von personenbezogenen Daten durch den Anbieter<\/p><p>Harald Ackerschott GmbH, Adenauerallee 168, 53113 Bonn<br \/>Telefon +49 228-96970-0, kontakt(at)abci.de<\/p><p>Wir weisen darauf hin, dass die internetbasierte Daten\u00fcbertragung Sicherheitsl\u00fccken aufweist, ein l\u00fcckenloser Schutz vor Zugriffen durch Dritte somit unm\u00f6glich ist.<\/p><p><strong>Cookies<\/strong><br \/>Wir verwenden auf unserer Seite sog. Cookies zum Wiedererkennen mehrfacher Nutzung unseres Angebots, durch denselben Nutzer\/Internetanschlussinhaber. Cookies sind kleine Textdateien, die Ihr Internet-Browser auf Ihrem Rechner ablegt und speichert. Sie dienen dazu, unseren Internetauftritt und unsere Angebote zu optimieren. Es handelt sich dabei zumeist um sog. \u201eSession-Cookies\u201c, die nach dem Ende Ihres Besuches wieder gel\u00f6scht werden.<\/p><p>Teilweise geben diese Cookies jedoch Informationen ab, um Sie automatisch wieder zu erkennen. Diese Wiedererkennung erfolgt aufgrund der in den Cookies gespeicherten IP-Adresse. Die so erlangten Informationen dienen dazu, unsere Angebote zu optimieren und Ihnen einen leichteren Zugang auf unsere Seite zu erm\u00f6glichen.<\/p><p>Sie k\u00f6nnen die Installation der Cookies durch eine entsprechende Einstellung Ihres Browsers verhindern; wir weisen Sie jedoch darauf hin, dass Sie in diesem Fall gegebenenfalls nicht s\u00e4mtliche Funktionen unserer Website vollumf\u00e4nglich nutzen k\u00f6nnen.<\/p><span class=\"borlabs-cookie-open-dialog-preferences brlbs-cmpnt-container\" data-borlabs-cookie-title=\"Cookie-Einstellungen \u00e4ndern\" data-borlabs-cookie-type=\"button\" ><\/span><p><strong>Serverdaten<\/strong><br \/>Aus technischen Gr\u00fcnden werden u.a. folgende Daten, die Ihr Internet-Browser an uns bzw. an unseren Webspace-Provider \u00fcbermittelt, erfasst (sogenannte Serverlogfiles):\u00a0\u2028\u2028- Browsertyp und -version\u00a0\u2028- verwendetes Betriebssystem\u00a0\u2028- Webseite, von der aus Sie uns besuchen (Referrer URL)\u00a0\u2028- Webseite, die Sie besuchen\u00a0\u2028- Datum und Uhrzeit Ihres Zugriffs\u00a0\u2028- Ihre Internet Protokoll (IP)-Adresse.\u00a0\u2028\u2028Diese anonymen Daten werden getrennt von Ihren eventuell angegebenen personenbezogenen Daten gespeichert und lassen so keine R\u00fcckschl\u00fcsse auf eine bestimmte Person zu. Sie werden zu statistischen Zwecken ausgewertet, um unseren Internetauftritt und unsere Angebote optimieren zu k\u00f6nnen.<\/p><p><strong>Kontaktm\u00f6glichkeit<\/strong><br \/>Wir bieten Ihnen auf unserer Seite die M\u00f6glichkeit, mit uns per E-Mail und\/oder \u00fcber ein Kontaktformular in Verbindung zu treten. In diesem Fall werden die vom Nutzer gemachten Angaben zum Zwecke der Bearbeitung seiner Kontaktaufnahme gespeichert. Eine Weitergabe an Dritte erfolgt nicht. Ein Abgleich der so erhobenen Daten mit Daten, die m\u00f6glicherweise durch andere Komponenten unserer Seite erhoben werden, erfolgt ebenfalls nicht.<\/p><p><strong>Calendly<\/strong><br \/>Wir leiten zur Terminierung von Gespr\u00e4chen auf die Seite des externen Dienstleisters Calendly weiter. Dienstanbieter ist das amerikanische Unternehmen Calendly LCC, 271 17th St NW, Ste 1000, Atlanta, Georgia, 30363, USA.<\/p><p>Calendly verarbeitet Daten u.a. auch in den USA. Wir weisen darauf hin, dass nach Meinung des europ\u00e4ischen Gerichtshofs mitunter kein angemessenes Schutzniveau f\u00fcr den Datentransfer in die USA besteht. Dies kann mit verschiedenen Risiken f\u00fcr die Rechtsm\u00e4\u00dfigkeit und Sicherheit der Datenverarbeitung einhergehen. Sie finden hierzu genauere Angaben in der Datenschutzerkl\u00e4rung auf <a href=\"https:\/\/calendly.com\/de\/privacy\">https:\/\/calendly.com\/de\/privacy<\/a>.<\/p><p><strong>Kommentarm\u00f6glichkeit<\/strong><br \/>Wir bieten Ihnen auf unserer Seite die M\u00f6glichkeit, Kommentare zu den einzelnen Beitr\u00e4gen zu hinterlassen. Hierbei wird die IP- Adresse des Verfassers\/Anschlussinhabers gespeichert. Diese Speicherung erfolgt zu unserer Sicherheit f\u00fcr den Fall, dass vom Verfasser durch seinen Kommentar hierbei in Rechte Dritter eingegriffen wird und\/oder widerrechtliche Inhalte abgesetzt werden. Somit besteht ein Eigeninteresse unsererseits an den gespeicherten Daten des Verfassers, zumal wir unter Umst\u00e4nden wegen derartigen Rechtsverletzungen belangt werden k\u00f6nnen. Eine Weitergabe an Dritte erfolgt nicht. Ein Abgleich der so erhobenen Daten mit Daten, die m\u00f6glicherweise durch andere Komponenten unserer Seite erhoben werden, erfolgt ebenfalls nicht.<\/p><p><strong>Auskunft\/Widerruf\/L\u00f6schung<\/strong><br \/>Sie k\u00f6nnen sich aufgrund des Bundesdatenschutzgesetzes bei Fragen zur Erhebung, Verarbeitung oder Nutzung Ihrer personenbezogenen Daten und deren Berichtigung, Sperrung, L\u00f6schung oder einem Widerruf einer erteilten Einwilligung unentgeltlich an uns wenden. Wir weisen darauf hin, dass Ihnen ein Recht auf Berichtigung falscher Daten oder L\u00f6schung personenbezogener Daten zusteht, sollte diesem Anspruch keine gesetzliche Aufbewahrungspflicht entgegenstehen.<\/p><p><a href=\"https:\/\/www.ratgeberrecht.eu\/leistungen\/muster-datenschutzerklaerung.html\">Muster-Datenschutzerkl\u00e4rung<\/a>\u00a0der\u00a0<a href=\"https:\/\/www.ratgeberrecht.eu\/\">Anwaltskanzlei Wei\u00df &amp; Partner<\/a><\/p>\t\t\t\t\t\t\t\t<\/div>\n\t\t\t\t<\/div>\n\t\t\t\t<div class=\"elementor-element elementor-element-fadc94a elementor-widget elementor-widget-text-editor\" data-id=\"fadc94a\" data-element_type=\"widget\" data-e-type=\"widget\" data-widget_type=\"text-editor.default\">\n\t\t\t\t<div class=\"elementor-widget-container\">\n\t\t\t\t\t\t\t\t\t<p><strong>Userlike<\/strong><br \/>Die Harald Ackerschott GmbH nutzt eine Chat Software des Unternehmens <a href=\"http:\/\/www.userlike.com\/\">Userlike<\/a> UG (haftungsbeschr\u00e4nkt), Probsteigasse 44-46, 50670 K\u00f6ln, Deutschland. Sie k\u00f6nnen den Chat wie ein Kontaktformular nutzen, um nahezu in Echtzeit mit unseren Mitarbeitern zu chatten. Beim Start des Chats fallen folgende personenbezogene Daten an:<\/p><ul><li>Datum und Uhrzeit des Aufrufs,<\/li><li>Browsertyp\/ -version,<\/li><li>IP-Adresse,<\/li><li>verwendetes Betriebssystem,<\/li><li>URL der zuvor besuchten Webseite,<\/li><li>Menge der gesendeten Daten.<\/li><li>Und wenn angegeben: Vorname, Name, und E-Mail Adresse.<\/li><\/ul><p>Je nach Gespr\u00e4chsverlauf mit unseren Mitarbeitern, k\u00f6nnen im Chat weitere personenbezogene Daten anfallen, die durch Sie eingetragen werden. Die Art dieser Daten h\u00e4ngt stark von Ihrer Anfrage ab oder dem Problem, welches Sie uns schildern. Die Verarbeitung all dieser Daten dient dazu, Ihnen eine schnelle und effiziente Kontaktmo\u0308glichkeit zur Verfu\u0308gung zu stellen und somit unseren Kundenservice zu verbessern.<\/p><p>Alle unsere Mitarbeiter wurden und werden zum Thema des Datenschutzes geschult und zum sicheren und vertrauensvollen Umgang mit Kundendaten unterrichtet. Alle unsere Mitarbeiter sind zur Vertraulichkeit verpflichtet und haben entsprechend in ihren Mitarbeitervertr\u00e4gen einen Zusatz zur Verpflichtung zur Wahrung der Vertraulichkeit und zur Beachtung des Datenschutzes unterschrieben.<\/p><p>Durch das Aufrufen der Webseite abci.de, wird das Chat-Widget in Form einer JavaScript-Datei von AWS Cloudfront geladen. Das Chat-Widget stellt technisch den Quellcode dar, der auf Ihrem Computer ausgef\u00fchrt wird und den Chat erm\u00f6glicht.<\/p><p>Dar\u00fcber hinaus speichert die Harald Ackerschott GmbH den Verlauf der Chats. Dies dient dem Zweck, Ihnen unter Umst\u00e4nden umfangreiche Ausf\u00fchrungen zur Historie Ihrer Anfrage zu ersparen sowie zur best\u00e4ndigen Qualit\u00e4tskontrolle unseres Chat-Angebots. Die Verarbeitung ist deshalb gem\u00e4\u00df Art. 6 Abs. 1 Buchst. f DSGVO erlaubt. Sofern Sie dies nicht w\u00fcnschen, k\u00f6nnen Sie uns dies gerne unter den weiter unten aufgef\u00fchrten Kontaktdaten mitteilen. Gespeicherte Chats werden dann unverz\u00fcglich von uns gel\u00f6scht.<\/p><p>Die Speicherung der Chatdaten dient auch dem Zweck, die Sicherheit unserer informationstechnischen Systeme zu gew\u00e4hrleisten. Hierin liegt zugleich unser berechtigtes Interesse, weshalb die Verarbeitung nach Art. 6 Abs. 1 Buchst. f DSGVO zul\u00e4ssig ist.<\/p><p>Weitere Informationen finden Sie in den <a href=\"http:\/\/www.userlike.com\/terms#privacy-policy\">Datenschutzbestimmungen der Userlike<\/a> UG (haftungsbeschr\u00e4nkt).<\/p>\t\t\t\t\t\t\t\t<\/div>\n\t\t\t\t<\/div>\n\t\t\t\t\t<\/div>\n\t\t<\/div>\n\t\t\t\t\t<\/div>\n\t\t<\/section>\n\t\t\t\t<\/div>\n\t\t","protected":false},"excerpt":{"rendered":"<p>Die Nutzung unserer Seite ist ohne eine Angabe von personenbezogenen Daten m\u00f6glich. F\u00fcr die Nutzung einzelner Services unserer Seite k\u00f6nnen sich hierf\u00fcr abweichende Regelungen ergeben, die in diesem Falle nachstehend gesondert erl\u00e4utert werden. Ihre personenbezogenen Daten (z.B. Name, Anschrift, E-Mail, Telefonnummer, u. \u00e4.) werden von uns nur gem\u00e4\u00df den Bestimmungen des deutschen Datenschutzrechts verarbeitet. Daten [&hellip;]<\/p>\n","protected":false},"author":1,"featured_media":0,"parent":0,"menu_order":0,"comment_status":"closed","ping_status":"closed","template":"","meta":{"footnotes":""},"class_list":["post-131","page","type-page","status-publish","hentry"],"_links":{"self":[{"href":"https:\/\/abci.de\/de\/wp-json\/wp\/v2\/pages\/131","targetHints":{"allow":["GET"]}}],"collection":[{"href":"https:\/\/abci.de\/de\/wp-json\/wp\/v2\/pages"}],"about":[{"href":"https:\/\/abci.de\/de\/wp-json\/wp\/v2\/types\/page"}],"author":[{"embeddable":true,"href":"https:\/\/abci.de\/de\/wp-json\/wp\/v2\/users\/1"}],"replies":[{"embeddable":true,"href":"https:\/\/abci.de\/de\/wp-json\/wp\/v2\/comments?post=131"}],"version-history":[{"count":20,"href":"https:\/\/abci.de\/de\/wp-json\/wp\/v2\/pages\/131\/revisions"}],"predecessor-version":[{"id":3775,"href":"https:\/\/abci.de\/de\/wp-json\/wp\/v2\/pages\/131\/revisions\/3775"}],"wp:attachment":[{"href":"https:\/\/abci.de\/de\/wp-json\/wp\/v2\/media?parent=131"}],"curies":[{"name":"wp","href":"https:\/\/api.w.org\/{rel}","templated":true}]}}