{"id":130,"date":"2020-12-03T16:46:08","date_gmt":"2020-12-03T15:46:08","guid":{"rendered":"http:\/\/websplash.abci.de\/?page_id=130"},"modified":"2023-03-22T10:14:32","modified_gmt":"2023-03-22T09:14:32","slug":"impressum","status":"publish","type":"page","link":"https:\/\/abci.de\/de\/impressum\/","title":{"rendered":"Impressum"},"content":{"rendered":"\t\t<div data-elementor-type=\"wp-page\" data-elementor-id=\"130\" class=\"elementor elementor-130\" data-elementor-post-type=\"page\">\n\t\t\t\t\t\t<section class=\"elementor-section elementor-top-section elementor-element elementor-element-8f0b426 sliderfield elementor-section-height-min-height elementor-section-boxed elementor-section-height-default elementor-section-items-middle\" data-id=\"8f0b426\" data-element_type=\"section\" data-e-type=\"section\" data-settings=\"{&quot;background_background&quot;:&quot;classic&quot;,&quot;shape_divider_bottom&quot;:&quot;opacity-tilt&quot;}\">\n\t\t\t\t\t<div class=\"elementor-shape elementor-shape-bottom\" aria-hidden=\"true\" data-negative=\"false\">\n\t\t\t<svg xmlns=\"http:\/\/www.w3.org\/2000\/svg\" viewBox=\"0 0 2600 131.1\" preserveAspectRatio=\"none\">\n\t<path class=\"elementor-shape-fill\" d=\"M0 0L2600 0 2600 69.1 0 0z\"\/>\n\t<path class=\"elementor-shape-fill\" style=\"opacity:0.5\" d=\"M0 0L2600 0 2600 69.1 0 69.1z\"\/>\n\t<path class=\"elementor-shape-fill\" style=\"opacity:0.25\" d=\"M2600 0L0 0 0 130.1 2600 69.1z\"\/>\n<\/svg>\t\t<\/div>\n\t\t\t\t\t<div class=\"elementor-container elementor-column-gap-no\">\n\t\t\t\t\t<div class=\"elementor-column elementor-col-100 elementor-top-column elementor-element elementor-element-f661444\" data-id=\"f661444\" data-element_type=\"column\" data-e-type=\"column\">\n\t\t\t<div class=\"elementor-widget-wrap elementor-element-populated\">\n\t\t\t\t\t\t\t<\/div>\n\t\t<\/div>\n\t\t\t\t\t<\/div>\n\t\t<\/section>\n\t\t\t\t<section class=\"elementor-section elementor-top-section elementor-element elementor-element-7f2d0ea elementor-section-boxed elementor-section-height-default elementor-section-height-default\" data-id=\"7f2d0ea\" data-element_type=\"section\" data-e-type=\"section\">\n\t\t\t\t\t\t<div class=\"elementor-container elementor-column-gap-default\">\n\t\t\t\t\t<div class=\"elementor-column elementor-col-100 elementor-top-column elementor-element elementor-element-554eb84\" data-id=\"554eb84\" data-element_type=\"column\" data-e-type=\"column\">\n\t\t\t<div class=\"elementor-widget-wrap elementor-element-populated\">\n\t\t\t\t\t\t<div class=\"elementor-element elementor-element-bfe6632 elementor-widget elementor-widget-text-editor\" data-id=\"bfe6632\" data-element_type=\"widget\" data-e-type=\"widget\" data-widget_type=\"text-editor.default\">\n\t\t\t\t<div class=\"elementor-widget-container\">\n\t\t\t\t\t\t\t\t\t<p><strong>Betreiber dieser Website ist:<\/strong><\/p><p><strong>Harald Ackerschott GmbH<br \/><\/strong>Adenauerallee 168<br \/>53113 Bonn<\/p><p>Telefon +49(0)228-96970-0<br \/>kontakt(at)abci.de<br \/>www.abci.de<\/p><p>Handelsregister Bonn<br \/>HRB\u00a04505<\/p><p><strong>USt-Id-Nr.<\/strong><br \/>DE122264152<\/p><p><strong>Gesch\u00e4ftsf\u00fchrer<\/strong><br \/>Diplompsychologe<br \/>Harald Ackerschott<\/p><p>Die Informationen dieser Internetseite werden st\u00e4ndig von der Harald Ackerschott GmbH gepr\u00fcft und aktualisiert. F\u00fcr Richtigkeit, Vollst\u00e4ndigkeit und Aktualit\u00e4t der zur Verf\u00fcgung gestellten Informationen kann dennoch keine Haftung oder Garantie \u00fcbernommen werden. Gleiches gilt f\u00fcr alle Webseiten, auf die mittels Hyperlink verwiesen wird. Die Harald Ackerschott GmbH \u00fcbernimmt keine Verantwortung f\u00fcr Darstellung und Inhalt der Websites, die aufgrund einer solchen Verbindung erreicht werden.<\/p><p>Inhalt, Struktur und Layout dieser Webseite sind urheberrechtlich gesch\u00fctzt. Die Verwendung von Texten, Textteilen oder Bildmaterial bedarf der vorherigen schriftlichen Zustimmung der Harald Ackerschott GmbH.<\/p><p><svg xmlns=\"http:\/\/www.w3.org\/2000\/svg\" class=\"abci_text\" style=\"width:3.3em;fill:#252661;\" viewBox=\"0 0 24.95 9.53\"><title>abc\u00ee<\/title><path d=\"M3.46,7.49v2a2.9,2.9,0,0,1-.48,0A3.12,3.12,0,0,1,.85,8.77,2.46,2.46,0,0,1,0,6.85,2.48,2.48,0,0,1,.86,5,3,3,0,0,1,3,4.17a3.11,3.11,0,0,1,2.17.73,2.58,2.58,0,0,1,.79,2V9.42H3.79V7a.94.94,0,0,0-.22-.65A.74.74,0,0,0,3,6.14a.83.83,0,0,0-.58.23.67.67,0,0,0-.24.52.68.68,0,0,0,.22.53.77.77,0,0,0,.56.2,1,1,0,0,0,.52-.13\"\/><path d=\"M9.16,2.38V6.59c0,.69.27,1,.81,1a.89.89,0,0,0,.59-.21.69.69,0,0,0,.24-.52.7.7,0,0,0-.23-.53A.76.76,0,0,0,10,6.14a1.1,1.1,0,0,0-.53.19V4.2l.57,0a2.9,2.9,0,0,1,2,.79,2.53,2.53,0,0,1,0,3.79A3.08,3.08,0,0,1,10,9.52a3.16,3.16,0,0,1-1.24-.25,2.86,2.86,0,0,1-1-.68A2.75,2.75,0,0,1,7,6.67V2.38Z\"\/><path d=\"M17.37,7.05,19.48,7a2.63,2.63,0,0,1-.92,1.83,2.92,2.92,0,0,1-2,.72,3,3,0,0,1-2.11-.79,2.54,2.54,0,0,1-.86-1.94,2.42,2.42,0,0,1,.87-1.86,3,3,0,0,1,2.08-.77,3,3,0,0,1,1.87.61,2.53,2.53,0,0,1,1,1.55l-2.16.07a.87.87,0,0,0-.7-.33.84.84,0,0,0-.6.22.73.73,0,0,0-.23.55A.72.72,0,0,0,16,7.4a.87.87,0,0,0,.61.23.8.8,0,0,0,.77-.58\"\/><polygon points=\"24.21 2.38 22.46 9.42 20.15 9.42 21.9 2.38 24.21 2.38\"\/><polygon points=\"23.28 1.38 23.56 1.73 24.95 1.73 23.62 0 21.5 1.73 22.85 1.73 23.28 1.38\"\/><\/svg> ist eingetragenes Warenzeichen der Harald Ackerschott GmbH.<\/p><p><strong>Konzeption und Programmierung:<br \/><\/strong>websplash \/\/ Teil der McFoxx GmbH<br \/><a href=\"https:\/\/websplash.de\">websplash.de<\/a><\/p>\t\t\t\t\t\t\t\t<\/div>\n\t\t\t\t<\/div>\n\t\t\t\t\t<\/div>\n\t\t<\/div>\n\t\t\t\t\t<\/div>\n\t\t<\/section>\n\t\t\t\t<\/div>\n\t\t","protected":false},"excerpt":{"rendered":"<p>Betreiber dieser Website ist: Harald Ackerschott GmbHAdenauerallee 16853113 Bonn Telefon +49(0)228-96970-0kontakt(at)abci.dewww.abci.de Handelsregister BonnHRB\u00a04505 USt-Id-Nr.DE122264152 Gesch\u00e4ftsf\u00fchrerDiplompsychologeHarald Ackerschott Die Informationen dieser Internetseite werden st\u00e4ndig von der Harald Ackerschott GmbH gepr\u00fcft und aktualisiert. F\u00fcr Richtigkeit, Vollst\u00e4ndigkeit und Aktualit\u00e4t der zur Verf\u00fcgung gestellten Informationen kann dennoch keine Haftung oder Garantie \u00fcbernommen werden. Gleiches gilt f\u00fcr alle Webseiten, auf die [&hellip;]<\/p>\n","protected":false},"author":1,"featured_media":0,"parent":0,"menu_order":0,"comment_status":"closed","ping_status":"closed","template":"","meta":{"footnotes":""},"class_list":["post-130","page","type-page","status-publish","hentry"],"_links":{"self":[{"href":"https:\/\/abci.de\/de\/wp-json\/wp\/v2\/pages\/130","targetHints":{"allow":["GET"]}}],"collection":[{"href":"https:\/\/abci.de\/de\/wp-json\/wp\/v2\/pages"}],"about":[{"href":"https:\/\/abci.de\/de\/wp-json\/wp\/v2\/types\/page"}],"author":[{"embeddable":true,"href":"https:\/\/abci.de\/de\/wp-json\/wp\/v2\/users\/1"}],"replies":[{"embeddable":true,"href":"https:\/\/abci.de\/de\/wp-json\/wp\/v2\/comments?post=130"}],"version-history":[{"count":20,"href":"https:\/\/abci.de\/de\/wp-json\/wp\/v2\/pages\/130\/revisions"}],"predecessor-version":[{"id":3760,"href":"https:\/\/abci.de\/de\/wp-json\/wp\/v2\/pages\/130\/revisions\/3760"}],"wp:attachment":[{"href":"https:\/\/abci.de\/de\/wp-json\/wp\/v2\/media?parent=130"}],"curies":[{"name":"wp","href":"https:\/\/api.w.org\/{rel}","templated":true}]}}